{"id":307,"date":"2016-12-05T16:01:53","date_gmt":"2016-12-05T16:01:53","guid":{"rendered":"http:\/\/arctic-life.se\/?page_id=307\/"},"modified":"2017-05-05T17:01:57","modified_gmt":"2017-05-05T17:01:57","slug":"karaktarer","status":"publish","type":"page","link":"https:\/\/arctic-life.se\/en\/karaktarer\/","title":{"rendered":"Characters"},"content":{"rendered":"<p>We are ordinary people that just happen to live in fabulous places.<\/p>\n<p>Learn to know more about our characters:<\/p>\n<figure id=\"attachment_114\" aria-describedby=\"caption-attachment-114\" style=\"width: 225px\" class=\"wp-caption alignleft\"><a href=\"\/?page_id=107\"><img loading=\"lazy\" decoding=\"async\" class=\"wp-image-114 size-full\" title=\"Erik - Click on the image to learn more about Erik.\" src=\"http:\/\/media.arctic-life.se\/2016\/12\/karaktar-erik-kvadrat-e1485712854370.jpg\" alt=\"Erik - Click on the image to learn more about Erik.\" width=\"225\" height=\"225\" \/><\/a><figcaption id=\"caption-attachment-114\" class=\"wp-caption-text\">Erik<\/figcaption><\/figure>\n<figure id=\"attachment_119\" aria-describedby=\"caption-attachment-119\" style=\"width: 225px\" class=\"wp-caption alignright\"><a href=\"\/?page_id=398\"><img loading=\"lazy\" decoding=\"async\" class=\"wp-image-119 size-full\" title=\"Agneta - Click on the image to learn more about Agneta.\" src=\"http:\/\/media.arctic-life.se\/2016\/12\/karaktar-agneta-kvadrat-e1486743078164.jpg\" alt=\"Agneta - Click on the image to learn more about Agneta.\" width=\"225\" height=\"225\" \/><\/a><figcaption id=\"caption-attachment-119\" class=\"wp-caption-text\">Agneta<\/figcaption><\/figure>\n<figure id=\"attachment_197\" aria-describedby=\"caption-attachment-197\" style=\"width: 225px\" class=\"wp-caption alignleft\"><a href=\"\/?page_id=323\"><img loading=\"lazy\" decoding=\"async\" class=\"wp-image-197 size-full\" title=\"Barbro - Click on the image to learn more about Barbro.\" src=\"http:\/\/media.arctic-life.se\/2016\/12\/karaktar-barbro-kvadrat.jpg\" alt=\"Barbro - Click on the image to learn more about Barbro.\" width=\"225\" height=\"225\" srcset=\"https:\/\/media.arctic-life.se\/2016\/12\/karaktar-barbro-kvadrat.jpg 225w, https:\/\/media.arctic-life.se\/2016\/12\/karaktar-barbro-kvadrat-150x150.jpg 150w\" sizes=\"auto, (max-width: 225px) 100vw, 225px\" \/><\/a><figcaption id=\"caption-attachment-197\" class=\"wp-caption-text\">Barbro<\/figcaption><\/figure>\n<figure id=\"attachment_198\" aria-describedby=\"caption-attachment-198\" style=\"width: 225px\" class=\"wp-caption alignright\"><a href=\"\/?page_id=329\"><img loading=\"lazy\" decoding=\"async\" class=\"wp-image-198 size-full\" title=\"Evy - Klicka p\u00e5 bilden f\u00f6r att f\u00e5 veta mer om Evy.\" src=\"http:\/\/media.arctic-life.se\/2016\/12\/karaktar-evy-kvadrat.jpg\" alt=\"Evy - Click on the image to learn more about Evy.\" width=\"225\" height=\"225\" srcset=\"https:\/\/media.arctic-life.se\/2016\/12\/karaktar-evy-kvadrat.jpg 225w, https:\/\/media.arctic-life.se\/2016\/12\/karaktar-evy-kvadrat-150x150.jpg 150w\" sizes=\"auto, (max-width: 225px) 100vw, 225px\" \/><\/a><figcaption id=\"caption-attachment-198\" class=\"wp-caption-text\">Evy<\/figcaption><\/figure>\n<figure id=\"attachment_199\" aria-describedby=\"caption-attachment-199\" style=\"width: 225px\" class=\"wp-caption alignleft\"><a href=\"\/?page_id=327\"><img loading=\"lazy\" decoding=\"async\" class=\"wp-image-199 size-full\" title=\"Daniel - Click on the image to learn more about Daniel.\" src=\"http:\/\/media.arctic-life.se\/2016\/12\/karaktar-daniel-kvadrat.jpg\" alt=\"Daniel - Click on the image to learn more about Daniel.\" width=\"225\" height=\"225\" srcset=\"https:\/\/media.arctic-life.se\/2016\/12\/karaktar-daniel-kvadrat.jpg 225w, https:\/\/media.arctic-life.se\/2016\/12\/karaktar-daniel-kvadrat-150x150.jpg 150w\" sizes=\"auto, (max-width: 225px) 100vw, 225px\" \/><\/a><figcaption id=\"caption-attachment-199\" class=\"wp-caption-text\">Daniel<\/figcaption><\/figure>\n<figure id=\"attachment_200\" aria-describedby=\"caption-attachment-200\" style=\"width: 225px\" class=\"wp-caption alignright\"><a href=\"\/?page_id=325\"><img loading=\"lazy\" decoding=\"async\" class=\"wp-image-200 size-full\" title=\"Calypso - Click on the image to learn more about Calypso.\" src=\"http:\/\/media.arctic-life.se\/2016\/12\/karaktar-calypso-kvadrat.jpg\" alt=\"Calypso - Click on the image to learn more about Calypso.\" width=\"225\" height=\"225\" srcset=\"https:\/\/media.arctic-life.se\/2016\/12\/karaktar-calypso-kvadrat.jpg 225w, https:\/\/media.arctic-life.se\/2016\/12\/karaktar-calypso-kvadrat-150x150.jpg 150w\" sizes=\"auto, (max-width: 225px) 100vw, 225px\" \/><\/a><figcaption id=\"caption-attachment-200\" class=\"wp-caption-text\">Calypso<\/figcaption><\/figure>\n<p>&nbsp;<\/p>\n","protected":false},"excerpt":{"rendered":"<p>We are ordinary people that just happen to live in fabulous places. Learn to know more about our characters: &nbsp;<\/p>\n","protected":false},"author":1,"featured_media":292,"parent":0,"menu_order":0,"comment_status":"closed","ping_status":"closed","template":"page-templates\/full-width.php","meta":{"footnotes":""},"class_list":["post-307","page","type-page","status-publish","has-post-thumbnail","hentry"],"_links":{"self":[{"href":"https:\/\/arctic-life.se\/en\/wp-json\/wp\/v2\/pages\/307","targetHints":{"allow":["GET"]}}],"collection":[{"href":"https:\/\/arctic-life.se\/en\/wp-json\/wp\/v2\/pages"}],"about":[{"href":"https:\/\/arctic-life.se\/en\/wp-json\/wp\/v2\/types\/page"}],"author":[{"embeddable":true,"href":"https:\/\/arctic-life.se\/en\/wp-json\/wp\/v2\/users\/1"}],"replies":[{"embeddable":true,"href":"https:\/\/arctic-life.se\/en\/wp-json\/wp\/v2\/comments?post=307"}],"version-history":[{"count":10,"href":"https:\/\/arctic-life.se\/en\/wp-json\/wp\/v2\/pages\/307\/revisions"}],"predecessor-version":[{"id":411,"href":"https:\/\/arctic-life.se\/en\/wp-json\/wp\/v2\/pages\/307\/revisions\/411"}],"wp:featuredmedia":[{"embeddable":true,"href":"https:\/\/arctic-life.se\/en\/wp-json\/wp\/v2\/media\/292"}],"wp:attachment":[{"href":"https:\/\/arctic-life.se\/en\/wp-json\/wp\/v2\/media?parent=307"}],"curies":[{"name":"wp","href":"https:\/\/api.w.org\/{rel}","templated":true}]}}